{"id":142,"date":"2025-02-15T11:22:00","date_gmt":"2025-02-15T10:22:00","guid":{"rendered":"https:\/\/www.spoe-gleisdorf.at\/?page_id=142"},"modified":"2025-05-29T22:49:54","modified_gmt":"2025-05-29T20:49:54","slug":"colibri-wp","status":"publish","type":"page","link":"https:\/\/www.spoe-gleisdorf.at\/","title":{"rendered":"Herzlich Willkommen"},"content":{"rendered":"\n<div class=\"wp-block-group alignfull has-global-padding is-layout-constrained wp-container-core-group-is-layout-490fa1db wp-block-group-is-layout-constrained\" style=\"padding-top:var(--wp--preset--spacing--50);padding-right:var(--wp--preset--spacing--50);padding-bottom:var(--wp--preset--spacing--50);padding-left:var(--wp--preset--spacing--50)\">\n<div class=\"wp-block-group has-global-padding is-layout-constrained wp-container-core-group-is-layout-650790e1 wp-block-group-is-layout-constrained\">\n<h1 class=\"wp-block-heading has-text-align-center has-x-large-font-size\">Freundschaft<\/h1>\n\n\n\n<p class=\"has-text-align-center\"><\/p>\n\n\n\n<p class=\"has-text-align-center\">Freundschaft ist nicht nur ein Gru\u00df unter SozialdemokratInnen, sondern eines der edelsten Gef\u00fchle, die den sozialen Zusammenhalt ausdr\u00fccken, f\u00fcr den wir tagt\u00e4glich eintreten.<\/p>\n<\/div>\n\n\n\n<div style=\"height:var(--wp--preset--spacing--30)\" aria-hidden=\"true\" class=\"wp-block-spacer\"><\/div>\n\n\n\n<figure class=\"wp-block-image alignwide size-full is-style-rounded is-style-rounded--1\"><img loading=\"lazy\" decoding=\"async\" width=\"2560\" height=\"1646\" src=\"https:\/\/www.spoe-gleisdorf.at\/wp-content\/uploads\/2025\/05\/SPOe-Gleisdorf-59-scaled.png\" alt=\"\" class=\"wp-image-399\" srcset=\"https:\/\/www.spoe-gleisdorf.at\/wp-content\/uploads\/2025\/05\/SPOe-Gleisdorf-59-scaled.png 2560w, https:\/\/www.spoe-gleisdorf.at\/wp-content\/uploads\/2025\/05\/SPOe-Gleisdorf-59-300x193.png 300w, https:\/\/www.spoe-gleisdorf.at\/wp-content\/uploads\/2025\/05\/SPOe-Gleisdorf-59-1024x659.png 1024w, https:\/\/www.spoe-gleisdorf.at\/wp-content\/uploads\/2025\/05\/SPOe-Gleisdorf-59-768x494.png 768w, https:\/\/www.spoe-gleisdorf.at\/wp-content\/uploads\/2025\/05\/SPOe-Gleisdorf-59-1536x988.png 1536w, https:\/\/www.spoe-gleisdorf.at\/wp-content\/uploads\/2025\/05\/SPOe-Gleisdorf-59-2048x1317.png 2048w\" sizes=\"auto, (max-width: 2560px) 100vw, 2560px\" \/><\/figure>\n\n\n\n<div class=\"wp-block-group is-vertical is-content-justification-center is-layout-flex wp-container-core-group-is-layout-ce155fab wp-block-group-is-layout-flex\">\n<h2 class=\"wp-block-heading has-text-align-center has-xx-large-font-size\">Stadtparteivorstand<\/h2>\n<\/div>\n\n\n\n<div class=\"wp-block-group alignwide has-global-padding is-layout-constrained wp-block-group-is-layout-constrained\">\n<div class=\"wp-block-columns alignwide is-layout-flex wp-container-core-columns-is-layout-4935966c wp-block-columns-is-layout-flex\" style=\"padding-right:0;padding-left:0\">\n<div class=\"wp-block-column is-layout-flow wp-block-column-is-layout-flow\">\n<figure class=\"wp-block-image size-full is-style-rounded is-style-rounded--2\"><img loading=\"lazy\" decoding=\"async\" width=\"2560\" height=\"1769\" src=\"https:\/\/www.spoe-gleisdorf.at\/wp-content\/uploads\/2025\/02\/SPOe-Gleisdorf-16-scaled.jpg\" alt=\"\" class=\"wp-image-343\" style=\"aspect-ratio:1;object-fit:cover\" srcset=\"https:\/\/www.spoe-gleisdorf.at\/wp-content\/uploads\/2025\/02\/SPOe-Gleisdorf-16-scaled.jpg 2560w, https:\/\/www.spoe-gleisdorf.at\/wp-content\/uploads\/2025\/02\/SPOe-Gleisdorf-16-300x207.jpg 300w, https:\/\/www.spoe-gleisdorf.at\/wp-content\/uploads\/2025\/02\/SPOe-Gleisdorf-16-1024x708.jpg 1024w, https:\/\/www.spoe-gleisdorf.at\/wp-content\/uploads\/2025\/02\/SPOe-Gleisdorf-16-768x531.jpg 768w, https:\/\/www.spoe-gleisdorf.at\/wp-content\/uploads\/2025\/02\/SPOe-Gleisdorf-16-1536x1062.jpg 1536w, https:\/\/www.spoe-gleisdorf.at\/wp-content\/uploads\/2025\/02\/SPOe-Gleisdorf-16-2048x1416.jpg 2048w\" sizes=\"auto, (max-width: 2560px) 100vw, 2560px\" \/><\/figure>\n\n\n\n<div class=\"wp-block-group is-vertical is-content-justification-center is-nowrap is-layout-flex wp-container-core-group-is-layout-21d4e958 wp-block-group-is-layout-flex\">\n<p class=\"has-text-align-center has-small-font-size\"><strong>Manfred Prosser<\/strong><\/p>\n\n\n\n<p class=\"has-text-align-center has-small-font-size\">Vorsitzender<\/p>\n<\/div>\n<\/div>\n\n\n\n<div class=\"wp-block-column is-layout-flow wp-block-column-is-layout-flow\">\n<figure class=\"wp-block-image size-full is-style-rounded is-style-rounded--3\"><img loading=\"lazy\" decoding=\"async\" width=\"1664\" height=\"1545\" src=\"https:\/\/www.spoe-gleisdorf.at\/wp-content\/uploads\/2025\/02\/cropped-SPOe-Gleisdorf-54-scaled-1.jpg\" alt=\"\" class=\"wp-image-356\" style=\"aspect-ratio:1;object-fit:cover\" srcset=\"https:\/\/www.spoe-gleisdorf.at\/wp-content\/uploads\/2025\/02\/cropped-SPOe-Gleisdorf-54-scaled-1.jpg 1664w, https:\/\/www.spoe-gleisdorf.at\/wp-content\/uploads\/2025\/02\/cropped-SPOe-Gleisdorf-54-scaled-1-300x279.jpg 300w, https:\/\/www.spoe-gleisdorf.at\/wp-content\/uploads\/2025\/02\/cropped-SPOe-Gleisdorf-54-scaled-1-1024x951.jpg 1024w, https:\/\/www.spoe-gleisdorf.at\/wp-content\/uploads\/2025\/02\/cropped-SPOe-Gleisdorf-54-scaled-1-768x713.jpg 768w, https:\/\/www.spoe-gleisdorf.at\/wp-content\/uploads\/2025\/02\/cropped-SPOe-Gleisdorf-54-scaled-1-1536x1426.jpg 1536w\" sizes=\"auto, (max-width: 1664px) 100vw, 1664px\" \/><\/figure>\n\n\n\n<div class=\"wp-block-group is-vertical is-content-justification-center is-nowrap is-layout-flex wp-container-core-group-is-layout-63bfd6c1 wp-block-group-is-layout-flex\">\n<p class=\"has-text-align-center has-small-font-size\"><strong>Tanja Kortus<\/strong><\/p>\n\n\n\n<p class=\"has-text-align-center has-small-font-size\">Stellvertreterin<\/p>\n<\/div>\n<\/div>\n\n\n\n<div class=\"wp-block-column is-layout-flow wp-block-column-is-layout-flow\">\n<figure class=\"wp-block-image size-full is-style-rounded is-style-rounded--4\"><img loading=\"lazy\" decoding=\"async\" width=\"2560\" height=\"1707\" src=\"https:\/\/www.spoe-gleisdorf.at\/wp-content\/uploads\/2025\/02\/SPOe-Gleisdorf-63-scaled.jpg\" alt=\"\" class=\"wp-image-345\" style=\"aspect-ratio:1;object-fit:cover\" srcset=\"https:\/\/www.spoe-gleisdorf.at\/wp-content\/uploads\/2025\/02\/SPOe-Gleisdorf-63-scaled.jpg 2560w, https:\/\/www.spoe-gleisdorf.at\/wp-content\/uploads\/2025\/02\/SPOe-Gleisdorf-63-300x200.jpg 300w, https:\/\/www.spoe-gleisdorf.at\/wp-content\/uploads\/2025\/02\/SPOe-Gleisdorf-63-1024x683.jpg 1024w, https:\/\/www.spoe-gleisdorf.at\/wp-content\/uploads\/2025\/02\/SPOe-Gleisdorf-63-768x512.jpg 768w, https:\/\/www.spoe-gleisdorf.at\/wp-content\/uploads\/2025\/02\/SPOe-Gleisdorf-63-1536x1024.jpg 1536w, https:\/\/www.spoe-gleisdorf.at\/wp-content\/uploads\/2025\/02\/SPOe-Gleisdorf-63-2048x1365.jpg 2048w\" sizes=\"auto, (max-width: 2560px) 100vw, 2560px\" \/><\/figure>\n\n\n\n<div class=\"wp-block-group is-vertical is-content-justification-center is-nowrap is-layout-flex wp-container-core-group-is-layout-63bfd6c1 wp-block-group-is-layout-flex\">\n<p class=\"has-text-align-center has-small-font-size\"><strong>Gerald Maier<\/strong><\/p>\n\n\n\n<p class=\"has-text-align-center has-small-font-size\">Mitgliederreferent<\/p>\n<\/div>\n<\/div>\n\n\n\n<div class=\"wp-block-column is-layout-flow wp-block-column-is-layout-flow\">\n<figure class=\"wp-block-image size-full is-style-rounded is-style-rounded--5\"><img loading=\"lazy\" decoding=\"async\" width=\"2560\" height=\"1742\" src=\"https:\/\/www.spoe-gleisdorf.at\/wp-content\/uploads\/2025\/02\/SP-Gleisdorf-9-scaled.jpg\" alt=\"\" class=\"wp-image-344\" style=\"aspect-ratio:1;object-fit:cover\" srcset=\"https:\/\/www.spoe-gleisdorf.at\/wp-content\/uploads\/2025\/02\/SP-Gleisdorf-9-scaled.jpg 2560w, https:\/\/www.spoe-gleisdorf.at\/wp-content\/uploads\/2025\/02\/SP-Gleisdorf-9-300x204.jpg 300w, https:\/\/www.spoe-gleisdorf.at\/wp-content\/uploads\/2025\/02\/SP-Gleisdorf-9-1024x697.jpg 1024w, https:\/\/www.spoe-gleisdorf.at\/wp-content\/uploads\/2025\/02\/SP-Gleisdorf-9-768x523.jpg 768w, https:\/\/www.spoe-gleisdorf.at\/wp-content\/uploads\/2025\/02\/SP-Gleisdorf-9-1536x1045.jpg 1536w, https:\/\/www.spoe-gleisdorf.at\/wp-content\/uploads\/2025\/02\/SP-Gleisdorf-9-2048x1394.jpg 2048w\" sizes=\"auto, (max-width: 2560px) 100vw, 2560px\" \/><\/figure>\n\n\n\n<div class=\"wp-block-group is-vertical is-content-justification-center is-nowrap is-layout-flex wp-container-core-group-is-layout-21d4e958 wp-block-group-is-layout-flex\">\n<p class=\"has-text-align-center has-small-font-size\"><strong>Vanessa Fiala<\/strong><\/p>\n\n\n\n<p class=\"has-text-align-center has-small-font-size\">Bildungsreferentin<\/p>\n<\/div>\n<\/div>\n<\/div>\n<\/div>\n\n\n\n<div class=\"wp-block-group alignwide has-global-padding is-layout-constrained wp-block-group-is-layout-constrained\">\n<div class=\"wp-block-columns alignwide is-layout-flex wp-container-core-columns-is-layout-4935966c wp-block-columns-is-layout-flex\" style=\"padding-right:0;padding-left:0\">\n<div class=\"wp-block-column is-layout-flow wp-block-column-is-layout-flow\">\n<figure class=\"wp-block-image size-full is-style-rounded is-style-rounded--6\"><img loading=\"lazy\" decoding=\"async\" width=\"2560\" height=\"1715\" src=\"https:\/\/www.spoe-gleisdorf.at\/wp-content\/uploads\/2025\/02\/SPOe-Gleisdorf-52-scaled.jpg\" alt=\"\" class=\"wp-image-354\" style=\"aspect-ratio:1;object-fit:cover\" srcset=\"https:\/\/www.spoe-gleisdorf.at\/wp-content\/uploads\/2025\/02\/SPOe-Gleisdorf-52-scaled.jpg 2560w, https:\/\/www.spoe-gleisdorf.at\/wp-content\/uploads\/2025\/02\/SPOe-Gleisdorf-52-300x201.jpg 300w, https:\/\/www.spoe-gleisdorf.at\/wp-content\/uploads\/2025\/02\/SPOe-Gleisdorf-52-1024x686.jpg 1024w, https:\/\/www.spoe-gleisdorf.at\/wp-content\/uploads\/2025\/02\/SPOe-Gleisdorf-52-768x514.jpg 768w, https:\/\/www.spoe-gleisdorf.at\/wp-content\/uploads\/2025\/02\/SPOe-Gleisdorf-52-1536x1029.jpg 1536w, https:\/\/www.spoe-gleisdorf.at\/wp-content\/uploads\/2025\/02\/SPOe-Gleisdorf-52-2048x1372.jpg 2048w\" sizes=\"auto, (max-width: 2560px) 100vw, 2560px\" \/><\/figure>\n\n\n\n<div class=\"wp-block-group is-vertical is-content-justification-center is-nowrap is-layout-flex wp-container-core-group-is-layout-21d4e958 wp-block-group-is-layout-flex\">\n<p class=\"has-text-align-center has-small-font-size\"><strong>Sieglinde Fink<\/strong><\/p>\n\n\n\n<p class=\"has-text-align-center has-small-font-size\">Schriftf\u00fchrerin<\/p>\n<\/div>\n<\/div>\n\n\n\n<div class=\"wp-block-column is-layout-flow wp-block-column-is-layout-flow\">\n<figure class=\"wp-block-image size-full is-style-rounded is-style-rounded--7\"><img loading=\"lazy\" decoding=\"async\" width=\"1579\" height=\"1538\" src=\"https:\/\/www.spoe-gleisdorf.at\/wp-content\/uploads\/2025\/02\/cropped-SP-Gleisdorf-scaled-1.jpg\" alt=\"\" class=\"wp-image-359\" style=\"aspect-ratio:1;object-fit:cover\" srcset=\"https:\/\/www.spoe-gleisdorf.at\/wp-content\/uploads\/2025\/02\/cropped-SP-Gleisdorf-scaled-1.jpg 1579w, https:\/\/www.spoe-gleisdorf.at\/wp-content\/uploads\/2025\/02\/cropped-SP-Gleisdorf-scaled-1-300x292.jpg 300w, https:\/\/www.spoe-gleisdorf.at\/wp-content\/uploads\/2025\/02\/cropped-SP-Gleisdorf-scaled-1-1024x997.jpg 1024w, https:\/\/www.spoe-gleisdorf.at\/wp-content\/uploads\/2025\/02\/cropped-SP-Gleisdorf-scaled-1-768x748.jpg 768w, https:\/\/www.spoe-gleisdorf.at\/wp-content\/uploads\/2025\/02\/cropped-SP-Gleisdorf-scaled-1-1536x1496.jpg 1536w\" sizes=\"auto, (max-width: 1579px) 100vw, 1579px\" \/><\/figure>\n\n\n\n<div class=\"wp-block-group is-vertical is-content-justification-center is-nowrap is-layout-flex wp-container-core-group-is-layout-63bfd6c1 wp-block-group-is-layout-flex\">\n<p class=\"has-text-align-center has-small-font-size\"><strong>Waltraut H\u00f6dl<\/strong><\/p>\n\n\n\n<p class=\"has-text-align-center has-small-font-size\">Schriftf\u00fchrerin Stv. <\/p>\n<\/div>\n<\/div>\n\n\n\n<div class=\"wp-block-column is-layout-flow wp-block-column-is-layout-flow\">\n<figure class=\"wp-block-image size-full is-style-rounded is-style-rounded--8\"><img loading=\"lazy\" decoding=\"async\" width=\"5552\" height=\"5552\" src=\"https:\/\/www.spoe-gleisdorf.at\/wp-content\/uploads\/2025\/02\/cropped-MEINEGEMEINDE.png\" alt=\"\" class=\"wp-image-244\" style=\"aspect-ratio:1;object-fit:cover\" srcset=\"https:\/\/www.spoe-gleisdorf.at\/wp-content\/uploads\/2025\/02\/cropped-MEINEGEMEINDE.png 5552w, https:\/\/www.spoe-gleisdorf.at\/wp-content\/uploads\/2025\/02\/cropped-MEINEGEMEINDE-300x300.png 300w, https:\/\/www.spoe-gleisdorf.at\/wp-content\/uploads\/2025\/02\/cropped-MEINEGEMEINDE-1024x1024.png 1024w, https:\/\/www.spoe-gleisdorf.at\/wp-content\/uploads\/2025\/02\/cropped-MEINEGEMEINDE-150x150.png 150w, https:\/\/www.spoe-gleisdorf.at\/wp-content\/uploads\/2025\/02\/cropped-MEINEGEMEINDE-768x768.png 768w, https:\/\/www.spoe-gleisdorf.at\/wp-content\/uploads\/2025\/02\/cropped-MEINEGEMEINDE-1536x1536.png 1536w, https:\/\/www.spoe-gleisdorf.at\/wp-content\/uploads\/2025\/02\/cropped-MEINEGEMEINDE-2048x2048.png 2048w\" sizes=\"auto, (max-width: 5552px) 100vw, 5552px\" \/><\/figure>\n\n\n\n<div class=\"wp-block-group is-vertical is-content-justification-center is-nowrap is-layout-flex wp-container-core-group-is-layout-63bfd6c1 wp-block-group-is-layout-flex\">\n<p class=\"has-text-align-center has-small-font-size\"><strong>G\u00fcnter H\u00f6fer<\/strong><\/p>\n\n\n\n<p class=\"has-text-align-center has-small-font-size\">Kassier<\/p>\n<\/div>\n<\/div>\n\n\n\n<div class=\"wp-block-column is-layout-flow wp-block-column-is-layout-flow\">\n<figure class=\"wp-block-image size-full is-style-rounded is-style-rounded--9\"><img loading=\"lazy\" decoding=\"async\" width=\"1550\" height=\"1498\" src=\"https:\/\/www.spoe-gleisdorf.at\/wp-content\/uploads\/2025\/02\/cropped-SPOe-Gleisdorf-25-scaled-1.jpg\" alt=\"\" class=\"wp-image-358\" style=\"aspect-ratio:1;object-fit:cover\" srcset=\"https:\/\/www.spoe-gleisdorf.at\/wp-content\/uploads\/2025\/02\/cropped-SPOe-Gleisdorf-25-scaled-1.jpg 1550w, https:\/\/www.spoe-gleisdorf.at\/wp-content\/uploads\/2025\/02\/cropped-SPOe-Gleisdorf-25-scaled-1-300x290.jpg 300w, https:\/\/www.spoe-gleisdorf.at\/wp-content\/uploads\/2025\/02\/cropped-SPOe-Gleisdorf-25-scaled-1-1024x990.jpg 1024w, https:\/\/www.spoe-gleisdorf.at\/wp-content\/uploads\/2025\/02\/cropped-SPOe-Gleisdorf-25-scaled-1-768x742.jpg 768w, https:\/\/www.spoe-gleisdorf.at\/wp-content\/uploads\/2025\/02\/cropped-SPOe-Gleisdorf-25-scaled-1-1536x1484.jpg 1536w\" sizes=\"auto, (max-width: 1550px) 100vw, 1550px\" \/><\/figure>\n\n\n\n<div class=\"wp-block-group is-vertical is-content-justification-center is-nowrap is-layout-flex wp-container-core-group-is-layout-21d4e958 wp-block-group-is-layout-flex\">\n<p class=\"has-text-align-center has-small-font-size\"><strong>Cornelia Fink<\/strong><\/p>\n\n\n\n<p class=\"has-text-align-center has-small-font-size\">Kassier Stv. <\/p>\n<\/div>\n<\/div>\n<\/div>\n\n\n\n<div class=\"wp-block-columns alignwide is-layout-flex wp-container-core-columns-is-layout-4935966c wp-block-columns-is-layout-flex\" style=\"padding-right:0;padding-left:0\">\n<div class=\"wp-block-column is-layout-flow wp-block-column-is-layout-flow\">\n<figure class=\"wp-block-image size-full is-style-rounded is-style-rounded--10\"><img loading=\"lazy\" decoding=\"async\" width=\"2560\" height=\"1707\" src=\"https:\/\/www.spoe-gleisdorf.at\/wp-content\/uploads\/2025\/02\/SP-Gleisdorf-6-scaled.jpg\" alt=\"\" class=\"wp-image-351\" style=\"aspect-ratio:1;object-fit:cover\" srcset=\"https:\/\/www.spoe-gleisdorf.at\/wp-content\/uploads\/2025\/02\/SP-Gleisdorf-6-scaled.jpg 2560w, https:\/\/www.spoe-gleisdorf.at\/wp-content\/uploads\/2025\/02\/SP-Gleisdorf-6-300x200.jpg 300w, https:\/\/www.spoe-gleisdorf.at\/wp-content\/uploads\/2025\/02\/SP-Gleisdorf-6-1024x683.jpg 1024w, https:\/\/www.spoe-gleisdorf.at\/wp-content\/uploads\/2025\/02\/SP-Gleisdorf-6-768x512.jpg 768w, https:\/\/www.spoe-gleisdorf.at\/wp-content\/uploads\/2025\/02\/SP-Gleisdorf-6-1536x1024.jpg 1536w, https:\/\/www.spoe-gleisdorf.at\/wp-content\/uploads\/2025\/02\/SP-Gleisdorf-6-2048x1365.jpg 2048w\" sizes=\"auto, (max-width: 2560px) 100vw, 2560px\" \/><\/figure>\n\n\n\n<div class=\"wp-block-group is-vertical is-content-justification-center is-nowrap is-layout-flex wp-container-core-group-is-layout-21d4e958 wp-block-group-is-layout-flex\">\n<p class=\"has-text-align-center has-small-font-size\"><strong>Kai H\u00f6dl<\/strong><\/p>\n\n\n\n<p class=\"has-text-align-center has-small-font-size\">Jugendreferent<\/p>\n<\/div>\n<\/div>\n\n\n\n<div class=\"wp-block-column is-layout-flow wp-block-column-is-layout-flow\">\n<figure class=\"wp-block-image size-full is-style-rounded is-style-rounded--11\"><img loading=\"lazy\" decoding=\"async\" width=\"1705\" height=\"1705\" src=\"https:\/\/www.spoe-gleisdorf.at\/wp-content\/uploads\/2025\/02\/cropped-SPOe-Gleisdorf-12-scaled-1.jpg\" alt=\"\" class=\"wp-image-346\" style=\"aspect-ratio:1;object-fit:cover\" srcset=\"https:\/\/www.spoe-gleisdorf.at\/wp-content\/uploads\/2025\/02\/cropped-SPOe-Gleisdorf-12-scaled-1.jpg 1705w, https:\/\/www.spoe-gleisdorf.at\/wp-content\/uploads\/2025\/02\/cropped-SPOe-Gleisdorf-12-scaled-1-300x300.jpg 300w, https:\/\/www.spoe-gleisdorf.at\/wp-content\/uploads\/2025\/02\/cropped-SPOe-Gleisdorf-12-scaled-1-1024x1024.jpg 1024w, https:\/\/www.spoe-gleisdorf.at\/wp-content\/uploads\/2025\/02\/cropped-SPOe-Gleisdorf-12-scaled-1-150x150.jpg 150w, https:\/\/www.spoe-gleisdorf.at\/wp-content\/uploads\/2025\/02\/cropped-SPOe-Gleisdorf-12-scaled-1-768x768.jpg 768w, https:\/\/www.spoe-gleisdorf.at\/wp-content\/uploads\/2025\/02\/cropped-SPOe-Gleisdorf-12-scaled-1-1536x1536.jpg 1536w\" sizes=\"auto, (max-width: 1705px) 100vw, 1705px\" \/><\/figure>\n\n\n\n<div class=\"wp-block-group is-vertical is-content-justification-center is-nowrap is-layout-flex wp-container-core-group-is-layout-63bfd6c1 wp-block-group-is-layout-flex\">\n<p class=\"has-text-align-center has-small-font-size\"><strong>Erwin Kohl<\/strong><\/p>\n\n\n\n<p class=\"has-text-align-center has-small-font-size\">Beirat<\/p>\n<\/div>\n<\/div>\n\n\n\n<div class=\"wp-block-column is-layout-flow wp-block-column-is-layout-flow\">\n<figure class=\"wp-block-image size-full is-style-rounded is-style-rounded--12\"><img loading=\"lazy\" decoding=\"async\" width=\"2560\" height=\"1712\" src=\"https:\/\/www.spoe-gleisdorf.at\/wp-content\/uploads\/2025\/02\/SPOe-Gleisdorf-35-scaled.jpg\" alt=\"\" class=\"wp-image-355\" style=\"aspect-ratio:1;object-fit:cover\" srcset=\"https:\/\/www.spoe-gleisdorf.at\/wp-content\/uploads\/2025\/02\/SPOe-Gleisdorf-35-scaled.jpg 2560w, https:\/\/www.spoe-gleisdorf.at\/wp-content\/uploads\/2025\/02\/SPOe-Gleisdorf-35-300x201.jpg 300w, https:\/\/www.spoe-gleisdorf.at\/wp-content\/uploads\/2025\/02\/SPOe-Gleisdorf-35-1024x685.jpg 1024w, https:\/\/www.spoe-gleisdorf.at\/wp-content\/uploads\/2025\/02\/SPOe-Gleisdorf-35-768x513.jpg 768w, https:\/\/www.spoe-gleisdorf.at\/wp-content\/uploads\/2025\/02\/SPOe-Gleisdorf-35-1536x1027.jpg 1536w, https:\/\/www.spoe-gleisdorf.at\/wp-content\/uploads\/2025\/02\/SPOe-Gleisdorf-35-2048x1369.jpg 2048w\" sizes=\"auto, (max-width: 2560px) 100vw, 2560px\" \/><\/figure>\n\n\n\n<div class=\"wp-block-group is-vertical is-content-justification-center is-nowrap is-layout-flex wp-container-core-group-is-layout-63bfd6c1 wp-block-group-is-layout-flex\">\n<p class=\"has-text-align-center has-small-font-size\"><strong>Harald Ettl<\/strong><\/p>\n\n\n\n<p class=\"has-text-align-center has-small-font-size\">Beirat<\/p>\n<\/div>\n<\/div>\n\n\n\n<div class=\"wp-block-column is-layout-flow wp-block-column-is-layout-flow\">\n<div class=\"wp-block-group is-vertical is-content-justification-center is-nowrap is-layout-flex wp-container-core-group-is-layout-21d4e958 wp-block-group-is-layout-flex\">\n<p class=\"has-text-align-center has-small-font-size\"><\/p>\n<\/div>\n<\/div>\n<\/div>\n<\/div>\n<\/div>\n","protected":false},"excerpt":{"rendered":"<p>Freundschaft Freundschaft ist nicht nur ein Gru\u00df unter SozialdemokratInnen, sondern eines der edelsten Gef\u00fchle, die den sozialen Zusammenhalt ausdr\u00fccken, f\u00fcr den wir tagt\u00e4glich eintreten. Stadtparteivorstand Manfred Prosser Vorsitzender Tanja Kortus Stellvertreterin Gerald Maier Mitgliederreferent Vanessa Fiala Bildungsreferentin Sieglinde Fink Schriftf\u00fchrerin Waltraut H\u00f6dl Schriftf\u00fchrerin Stv. G\u00fcnter H\u00f6fer Kassier Cornelia Fink Kassier Stv. Kai H\u00f6dl Jugendreferent Erwin [&hellip;]<\/p>\n","protected":false},"author":1,"featured_media":290,"parent":0,"menu_order":0,"comment_status":"closed","ping_status":"closed","template":"page-templates\/homepage.php","meta":{"footnotes":""},"class_list":["post-142","page","type-page","status-publish","has-post-thumbnail","hentry"],"_links":{"self":[{"href":"https:\/\/www.spoe-gleisdorf.at\/index.php?rest_route=\/wp\/v2\/pages\/142","targetHints":{"allow":["GET"]}}],"collection":[{"href":"https:\/\/www.spoe-gleisdorf.at\/index.php?rest_route=\/wp\/v2\/pages"}],"about":[{"href":"https:\/\/www.spoe-gleisdorf.at\/index.php?rest_route=\/wp\/v2\/types\/page"}],"author":[{"embeddable":true,"href":"https:\/\/www.spoe-gleisdorf.at\/index.php?rest_route=\/wp\/v2\/users\/1"}],"replies":[{"embeddable":true,"href":"https:\/\/www.spoe-gleisdorf.at\/index.php?rest_route=%2Fwp%2Fv2%2Fcomments&post=142"}],"version-history":[{"count":27,"href":"https:\/\/www.spoe-gleisdorf.at\/index.php?rest_route=\/wp\/v2\/pages\/142\/revisions"}],"predecessor-version":[{"id":404,"href":"https:\/\/www.spoe-gleisdorf.at\/index.php?rest_route=\/wp\/v2\/pages\/142\/revisions\/404"}],"wp:featuredmedia":[{"embeddable":true,"href":"https:\/\/www.spoe-gleisdorf.at\/index.php?rest_route=\/wp\/v2\/media\/290"}],"wp:attachment":[{"href":"https:\/\/www.spoe-gleisdorf.at\/index.php?rest_route=%2Fwp%2Fv2%2Fmedia&parent=142"}],"curies":[{"name":"wp","href":"https:\/\/api.w.org\/{rel}","templated":true}]}}