{"id":3,"date":"2021-03-16T09:09:09","date_gmt":"2021-03-16T08:09:09","guid":{"rendered":"http:\/\/www.spoe-gleisdorf.at\/?page_id=3"},"modified":"2021-12-10T11:00:00","modified_gmt":"2021-12-10T10:00:00","slug":"datenschutzerklaerung","status":"publish","type":"page","link":"https:\/\/www.spoe-gleisdorf.at\/?page_id=3","title":{"rendered":"Datenschutzerkl\u00e4rung"},"content":{"rendered":"\n<p>Die Sozialdemokratische Partei \u00d6sterreichs Landesgruppe Steiermark (im Folgenden kurz als \u201cSP\u00d6\u201d bezeichnet) ist sich ihrer gro\u00dfen Verantwortung bei der Verarbeitung personenbezogener Daten bewusst und verpflichtet sich daher im Rahmen ihrer gesellschaftlichen Verantwortung zur vollst\u00e4ndigen Einhaltung von Datenschutzrechten. Die Pers\u00f6nlichkeitsrechte und die Privatsph\u00e4re eines jeden Einzelnen zu wahren, ist f\u00fcr die SP\u00d6 oberste Priorit\u00e4t im Umgang mit personenbezogenen Daten.<\/p>\n\n\n\n<p>Wir handeln hierbei nach den Grunds\u00e4tzen von Rechtm\u00e4\u00dfigkeit, Transparenz, Zweckbindung, Speicherbegrenzung und Datensicherheit.<\/p>\n\n\n\n<p>Die vorliegende Datenschutzerkl\u00e4rung dient dazu, unsere InteressentInnen, Mitgliedern, Funktion\u00e4rInnen und MandatarInnen \u00fcber alle Aspekte der Verarbeitung ihrer personenbezogenen Daten zu informieren (Transparenz) und ihnen den Zugang zu ihren Rechten und M\u00f6glichkeiten im Rahmen der Datenschutzbestimmungen zu erleichtern.<br>Es werden auch jene Ma\u00dfnahmen beschrieben, welche die SP\u00d6 ergriffen hat, um die Sicherheit und Vertraulichkeit der Daten zu sch\u00fctzen.&nbsp;<br>Die Verarbeitung personenbezogener Daten wird von der SP\u00d6 ausschlie\u00dflich f\u00fcr die Zwecke erhoben und verarbeitet, die vor der Erhebung der Daten festgelegt wurden. Die SP\u00d6 verarbeitet nur diejenigen personenbezogenen Daten, die f\u00fcr die Abwicklung von Leistungen der SP\u00d6 ben\u00f6tigt werden, sowie f\u00fcr die Verwaltung von Mitgliedern als auch die Verrechnung von freiwilligen Spenden und dies nur solange, wie die Leistung bezogen wird oder die SP\u00d6 durch gesetzliche Bestimmungen dazu verpflichtet ist.<br>Die Verarbeitung aller personenbezogenen Daten erfolgt unter strikter Beachtung der geltenden datenschutzrechtlichen Bestimmungen. Personenbezogene Daten werden von der SP\u00d6 weder ver\u00f6ffentlicht, noch unberechtigt an Dritte weitergegeben. Die Datenverarbeitung erfolgt ausschlie\u00dflich im EU-Inland.<\/p>\n\n\n\n<p>Diese Datenschutzerkl\u00e4rung gilt f\u00fcr die Website \u201cstmk.spoe.at\u201d bzw. \u201csteiermark.spoe.at\u201d der SP\u00d6 Steiermark. Einzelne Seiten k\u00f6nnen Links auf andere AnbieterInnen innerhalb und au\u00dferhalb der SP\u00d6 enthalten, auf die sich die Datenschutzerkl\u00e4rung nicht erstreckt. F\u00fcr diese Inhalte \u00fcbernehmen wir keine Haftung.<\/p>\n\n\n\n<h3 class=\"wp-block-heading\">Rechtliche Grundlagen unserer Datenverarbeitungen<\/h3>\n\n\n\n<p>Die SP\u00d6 verarbeitet drei Kategorien von personenbezogenen Daten:<\/p>\n\n\n\n<ul class=\"wp-block-list\"><li>Daten von Mitgliedern, Funktion\u00e4rInnen und MandatarInnen,<\/li><li>Daten aus dem W\u00e4hlerregister,<\/li><li>Daten von InteressentInnen, MitdiskutantInnen und InformationsbezieherInnen, die der SP\u00d6 ihre personenbezogenen Daten, aufgrund einer ausdr\u00fccklichen Einwilligung, zur Verf\u00fcgung gestellt haben.<\/li><\/ul>\n\n\n\n<p>Die Datenverarbeitungen beruhen auf den folgenden Rechtsgrundlagen:<\/p>\n\n\n\n<ul class=\"wp-block-list\"><li>Die Verwaltung von Mitgliedern, Funktion\u00e4rInnen und MandatarInnen geh\u00f6rt zum ureigensten T\u00e4tigkeitsbereich einer politischen Partei und ist einerseits durch Art 9 Abs 2 lit d DSGVO , welcher die Rechtsgrundlage f\u00fcr Verarbeitungen von personenbezogenen Daten bietet, die Auskunft \u00fcber die politische Meinung geben, wenn die Verarbeitung von einer politischen Vereinigung ohne Gewinnerzielungsabsicht im Rahmen ihrer rechtm\u00e4\u00dfigen T\u00e4tigkeit erfolgt, gedeckt. Dar\u00fcber hinaus gelten die vertraglichen Beziehungen zwischen einem Parteimitglied und seiner Partei als Rechtsgrundlage f\u00fcr die Datenverarbeitung.<\/li><li>Gem\u00e4\u00df \u00a7 5 W\u00e4hlerevidenzgesetz 2018 haben wir als in den allgemeinen Vertretungsk\u00f6rpern (Nationalrat, Landtag, Gemeinderat) vertretene Partei das Recht, personenbezogene Daten unserer W\u00e4hlerInnen aus dem zentralen W\u00e4hlerregister zu erfragen.<\/li><li>Die personenbezogenen Daten werden von den Betroffenen selbst bereit gestellt, wobei sie zu deren Verarbeitung f\u00fcr den jeweiligen Zweck ausdr\u00fccklich einwilligen. Diese Einwilligung kann jederzeit widerrufen werden.<\/li><\/ul>\n\n\n\n<h3 class=\"wp-block-heading\">Auftragsverarbeiter<\/h3>\n\n\n\n<p>Eine Auftragsdatenverarbeitung liegt vor, wenn ein Auftragsverarbeiter mit der Verarbeitung personenbezogener Daten beauftragt wird, ohne dass ihm die Verantwortung f\u00fcr den zugeh\u00f6rigen Gesch\u00e4ftsprozess \u00fcbertragen wird. In diesen F\u00e4llen schlie\u00dfen wir mit dem externen Auftragsverarbeiter eine Vereinbarung \u00fcber eine Auftragsdatenverarbeitung ab. Dabei beh\u00e4lt die SP\u00d6 die volle Verantwortung f\u00fcr die datenschutzrechtlich korrekte Durchf\u00fchrung der Datenverarbeitung. Der Auftragsverarbeiter darf personenbezogene Daten nur im Rahmen der Weisungen des Verantwortlichen verarbeiten.<\/p>\n\n\n\n<p>Die SP\u00d6 arbeitet nur mit Auftragsverarbeitern (wie z.B. Druckereien oder Versandagenturen) zusammen, die hinreichend Garantien daf\u00fcr bieten, dass geeignete technische und organisatorische Ma\u00dfnahmen bei der Verarbeitung, im Einklang mit den Anforderungen der DSGVO erfolgen und den Schutz der personenbezogenen Daten gew\u00e4hrleisten. Die Verarbeitung durch einen Auftragsverarbeiter erfolgt nur auf Grundlage eines Vertrages mit der SP\u00d6, welcher die Dauer, die Art und den Zweck der Verarbeitung genau festlegt. Alle Auftragsverarbeiter, die personenbezogene Daten verarbeiten und \u00fcberpr\u00fcfen, kontrollieren regelm\u00e4\u00dfig, ob die datenschutzrechtlichen Bestimmungen eingehalten werden.<\/p>\n\n\n\n<h3 class=\"wp-block-heading\">Datenarten und Zweck der Verarbeitung<\/h3>\n\n\n\n<p>Personenbezogene Daten von InteressentInnen, Mitgliedern, Funktion\u00e4rInnen und MandatarInnen (Name, Adresse, Telefonnummer, E-Mail-Adresse, Alter und Geschlecht etc.) sowie Finanzdaten (Bankverbindung und Kontonummer etc.) werden zum Zweck der Mitgliedsbeitragsverrechnung, Mitgliederverwaltung und Mitgliederinformation von der SP\u00d6 erhoben und verarbeitet. Die personenbezogenen Daten werden f\u00fcr die Dauer ihrer Mitgliedschaft bzw. solange noch Anspr\u00fcche aus der Mitgliedschaft bestehen, gespeichert.<br>Die Verwendung personenbezogener Daten zur Versendung von elektronischer Post zu Werbungszwecken, f\u00fcr Informationen und Veranstaltungseinladungen erfolgt nur f\u00fcr diesen Zweck und kann jederzeit widerrufen werden.<\/p>\n\n\n\n<h3 class=\"wp-block-heading\">Dauer der Datenspeicherung<\/h3>\n\n\n\n<p>Die SP\u00d6 speichert personenbezogene Daten nur solange, wie sie f\u00fcr den Zweck der Verarbeitung ben\u00f6tigt werden und solange es uns gesetzliche Bestimmungen vorschreiben. Danach werden sie unwiderruflich gel\u00f6scht.<br>Aufgrund gesetzlicher Bestimmungen (Aufbewahrungspflichten) der Bundesabgabenordnung (\u00a7 132) f\u00fcr Rechnungs- und Finanzdaten m\u00fcssen die betreffenden personenbezogenen Daten f\u00fcr 7 Jahre gespeichert werden.<\/p>\n\n\n\n<h3 class=\"wp-block-heading\">Erhebung und Verarbeitung von personenbezogenen Daten bei Besuch unserer Website<\/h3>\n\n\n\n<p>Wenn Sie unsere Website besuchen, speichern unsere Webserver tempor\u00e4r jeden Zugriff in einer Protokolldatei. Folgende Daten werden erfasst und bis zur automatisierten L\u00f6schung, die in der Regel alle 6 Monate erfolgt, gespeichert:<br>\u2022&nbsp;&nbsp; &nbsp;IP-Adresse des anfragenden Rechners<br>\u2022&nbsp;&nbsp; &nbsp;Datum und Uhrzeit des Zugriffs<br>\u2022&nbsp;&nbsp; &nbsp;Name und URL der abgerufenen Daten<br>\u2022&nbsp;&nbsp; &nbsp;\u00dcbertragene Datenmenge<br>\u2022&nbsp;&nbsp; &nbsp;Meldung, ob der Abruf erfolgreich war<br>\u2022&nbsp;&nbsp; &nbsp;Erkennungsdaten des verwendeten Browser- und Betriebssystems<br>\u2022&nbsp;&nbsp; &nbsp;Website, von der aus der Zugriff erfolgt<br>\u2022&nbsp;&nbsp; &nbsp;Name Ihres Internet-Zugangs-Providers<br>Die Verarbeitung dieser Daten erfolgt zum Zweck, die Nutzung der Website zu erm\u00f6glichen (Verbindungsaufbau), der Systemsicherheit, der technischen Administration der Netzinfrastruktur sowie zur Optimierung des Internetangebotes. Die IP-Adresse wird nur bei Angriffen auf unsere Netzinfrastruktur ausgewertet.&nbsp;<br>Dar\u00fcber hinausgehende personenbezogene Angaben wie Ihr Name, Ihre Anschrift, Telefonnummer oder E-Mail-Adresse werden nicht erfasst, es sei denn, diese Angaben werden von Ihnen freiwillig gemacht, z.B. im Rahmen einer Kontaktaufnahme.<\/p>\n\n\n\n<h3 class=\"wp-block-heading\">Verschl\u00fcsselte Daten\u00fcbertragung von Webformularen<\/h3>\n\n\n\n<p>Um auch pers\u00f6nliche Daten die von Websitebesuchern in Formulare auf der Website eingegeben werden wurde ein SSL Zertifikat f\u00fcr unseren Server gekauft, damit werden alle Formulare wie z.B. Kontakt\/Anfrage, Mitglied-Werden verschl\u00fcsselt per https vom Browser des Website-Besuchers zu unserem Webserver geschickt. Die Website schaltet dazu auch automatisch beim Aufruf von Webformularen von http auf https um.<\/p>\n\n\n\n<h3 class=\"wp-block-heading\">Facebook<\/h3>\n\n\n\n<p>Diese Website verwendet sogenannte \u201eSocial-Plug-Ins\u201c (in der Folge auch kurz \u201ePlug-Ins\u201c genannt) des sozialen Netzwerkes Facebook, das von der Facebook Inc., 1601 Willow Road, Manlow Park, Kalifornien, USA, (in der Folge auch kurz \u201eFacebook\u201c genannt) betrieben wird. Die Plug-Ins sind mit einem Facebook-Logo, dem Facebook-Like-Button oder in dem Zusatz \u201esoziales Plug-In von Facebook\u201c bzw. \u201eFacebook Social Plug-in\u201c gekennzeichnet. Eine \u00dcbersicht \u00fcber die Facebook-Plug-Ins und deren Aussehen finden Sie hier: https:\/\/developers.facebook.com\/docs\/plugins.<br>Wenn Sie eine Seite unseres Webauftritts aufrufen, die ein solches Plug-In enth\u00e4lt, stellt Ihr Browser eine direkte Verbindung zu den Servern von Facebook her. Der Inhalt des Plug-Ins wird von Facebook direkt an Ihren Browser \u00fcbermittelt und in die Seite eingebunden. Durch diese Einbindung erh\u00e4lt Facebook die Information, dass Ihr Browser die entsprechende Seite unseres Webauftritts aufgerufen hat, auch wenn Sie kein Facebook-Profil besitzen oder gerade nicht bei Facebook eingeloggt sind. Diese Information, einschlie\u00dflich Ihrer IP-Adresse, wird von Ihrem Browser direkt an einen Server von Facebook in die USA \u00fcbermittelt und dort gespeichert. Sind Sie bei Facebook eingeloggt, kann Facebook den Besuch unserer Website Ihrem Facebook-Profil unmittelbar zuordnen. Wenn Sie mit den Plug-Ins interagieren, z.B. den \u201eGef\u00e4llt mir\u201c-Button best\u00e4tigen oder einen Kommentar abgeben, wird dieser Information ebenfalls direkt an einen Server von Facebook \u00fcbermittelt und dort gespeichert. Die Informationen werden au\u00dferdem auf Ihrem Facebook-Profil ver\u00f6ffentlicht und Ihren Facebook-Freunden angezeigt.&nbsp;<br>Zweck und Umfang der Datenerhebung und die weitere Verarbeitung und Nutzung der Daten durch Facebook sowie Ihre diesbez\u00fcglichen Rechte und Einstellungsm\u00f6glichkeiten zum Schutz Ihrer Privatsph\u00e4re entnehmen Sie bitte den Datenschutzhinweisen von Facebook unter https:\/\/www.facebook.com\/policy.php. Wenn Sie nicht m\u00f6chten, dass Facebook die \u00fcber den Webauftritt gesammelten Daten unmittelbar Ihrem Facebook-Profil zuordnet, m\u00fcssen Sie sich vor Ihrem Besuch unserer Website bei Facebook ausloggen. Wir weisen Sie darauf hin, dass Sie das Laden des Facebook-Plug-Ins auch mit Addons zu Ihrem Browser komplett verhindern k\u00f6nnen.<\/p>\n\n\n\n<h3 class=\"wp-block-heading\">Twitter<\/h3>\n\n\n\n<p>Auf unseren Seiten sind Funktionen des sozialen Netzwerkes \u201eTwitter\u201c eingebunden. Diese Funktionen werden angeboten durch die Twitter Inc., Twitter, Inc. 1355 Market St, Suite 900, San Francisco, CA 94103, USA. Durch das Benutzen von Twitter und der Funktion \u201cRe-Tweet\u201d werden die von Ihnen besuchten Webseiten mit Ihrem Twitter-Account verkn\u00fcpft und anderen Nutzern bekannt gegeben. Dabei werden auch Daten an Twitter \u00fcbertragen. Wir weisen darauf hin, dass wir als Anbieter der Seiten keine Kenntnis vom Inhalt der \u00fcbermittelten Daten sowie deren Nutzung durch Twitter erhalten. Weitere Informationen hierzu finden Sie in der Datenschutzerkl\u00e4rung von Twitter unter http:\/\/twitter.com\/privacy.<\/p>\n\n\n\n<h3 class=\"wp-block-heading\">Instagram<\/h3>\n\n\n\n<p>Innerhalb unseres Onlineangebotes k\u00f6nnen Funktionen und Inhalte des Dienstes Instagram, angeboten durch die Instagram Inc., 1601 Willow Road, Menlo Park, CA, 94025, USA, eingebunden werden. Hierzu k\u00f6nnen z.B. Inhalte wie Bilder, Videos oder Texte und Schaltfl\u00e4chen geh\u00f6ren, mit denen Nutzer ihr Gefallen betreffend die Inhalte kundtun, den Verfassern der Inhalte oder unsere Beitr\u00e4ge abonnieren k\u00f6nnen. Sofern die Nutzer Mitglieder der Plattform Instagram sind, kann Instagram den Aufruf der o.g. Inhalte und Funktionen den dortigen Profilen der Nutzer zuordnen. Datenschutzerkl\u00e4rung von Instagram: http:\/\/instagram.com\/about\/legal\/privacy\/.<\/p>\n\n\n\n<h3 class=\"wp-block-heading\">YouTube<\/h3>\n\n\n\n<p>Unsere Website nutzt Plugins der von Google betriebenen Seite YouTube. Betreiber der Seiten ist die YouTube, LLC, 901 Cherry Ave., San Bruno, CA 94066, USA. Wenn Sie eine unserer mit einem YouTube-Plugin ausgestatteten Seiten besuchen, wird eine Verbindung zu den Servern von YouTube hergestellt. Dabei wird dem YouTube-Server mitgeteilt, welche unserer Seiten Sie besucht haben. Wenn Sie in Ihrem YouTube-Account eingeloggt sind, erm\u00f6glichen Sie YouTube, Ihr Surfverhalten direkt Ihrem pers\u00f6nlichen Profil zuzuordnen. Dies k\u00f6nnen Sie verhindern, indem Sie sich aus Ihrem YouTube-Account ausloggen. Die Nutzung von YouTube erfolgt im Interesse einer ansprechenden Darstellung unserer Online-Angebote. Dies stellt ein berechtigtes Interesse im Sinne von Art. 6 Abs. 1 lit. f DSGVO dar. Weitere Informationen zum Umgang mit Nutzerdaten finden Sie in der Datenschutzerkl\u00e4rung von YouTube unter:&nbsp;<a href=\"https:\/\/www.google.de\/intl\/de\/policies\/privacy\" target=\"_blank\" rel=\"noreferrer noopener\">https:\/\/www.google.de\/intl\/de\/policies\/privacy<\/a>.<\/p>\n\n\n\n<h3 class=\"wp-block-heading\">Google-Maps<\/h3>\n\n\n\n<p>Diese Website verwendet Google Maps zur Darstellung von Karten und zur Erstellung von Anfahrtspl\u00e4nen, das von der Google Inc., 1600 Amphitheatre Parkway, Mountain View, CA 94043, USA betrieben wird.<br>Durch die Nutzung von Google Maps k\u00f6nnen Informationen \u00fcber Ihre Benutzung dieser Webseite (einschlie\u00dflich Ihrer IP-Adresse) an einen Server von Google in den USA \u00fcbertragen und dort gespeichert werden. Google wird die durch Maps gewonnenen Informationen gegebenenfalls an Dritte \u00fcbertragen, sofern dies gesetzlich vorgeschrieben ist oder soweit Dritte diese Daten im Auftrag von Google verarbeiten.<br>Google wird in keinem Fall Ihre IP-Adresse mit anderen Daten von Google in Verbindung bringen. Trotzdem w\u00e4re es technisch m\u00f6glich, dass Google aufgrund der erhaltenen Daten eine Identifizierung zumindest einzelner Nutzenden vornehmen k\u00f6nnte. Es w\u00e4re m\u00f6glich, dass personenbezogene Daten und Pers\u00f6nlichkeitsprofile von NutzerInnen der Webseite von Google f\u00fcr andere Zwecke verarbeitet werden k\u00f6nnten, auf welche wir keinen Einfluss haben und haben k\u00f6nnen. Durch die Nutzung dieser Website erkl\u00e4ren Sie sich diesbez\u00fcglich mit der Erfassung, Verarbeitung sowie Nutzung Ihrer automatisch erhobenen Daten durch Google, einer seiner VertreterInnen, oder DrittanbieterInnen einverstanden.<\/p>\n\n\n\n<h3 class=\"wp-block-heading\">Google-Analytics<\/h3>\n\n\n\n<p>Diese Website benutzt Google-Analytics, ein Webanalysedienst der Google Inc. (\u201eGoogle\u201c). Google-Analytics verwendet Cookies, Textdateien, die auf Ihrem Computer gespeichert werden und die eine Analyse Ihrer Benutzung der Website erm\u00f6glichen. Die durch das Cookie erzeugten Informationen \u00fcber Ihre Benutzung dieser Website werden in der Regel an einen Server von Google in den USA \u00fcbertragen und dort gespeichert. Wir haben die Aktivierung der IP-Anonymisierung f\u00fcr Ihre Website aktiviert, sodass Ihre IP-Adresse von Google innerhalb von Mitgliedsstaaten der Europ\u00e4ischen Union oder in anderen Vertragsstaaten des Abkommens \u00fcber den Europ\u00e4ischen Wirtschaftsraum zuvor gek\u00fcrzt wird. Lediglich in Ausnahmef\u00e4llen wird die volle IP-Adresse an einen Server von Google in den USA \u00fcbertragen und erst dort gek\u00fcrzt. Google benutzt diese Informationen in unserem Auftrag, um Ihre Nutzung der Website auszuwerten, um Reports \u00fcber die Websiteaktivit\u00e4ten f\u00fcr uns zusammenzustellen und um weitere mit der Websitenutzung und der Internetnutzung verbundenen Dienstleistungen uns zu erbringen. Die im Rahmen von Google-Analytics von Ihrem Browser \u00fcbermittelte IP-Adresse wird nicht mit anderen Daten von Google zusammengef\u00fchrt.<\/p>\n\n\n\n<h3 class=\"wp-block-heading\">Cookie<\/h3>\n\n\n\n<p>Bereits beim erstmaligen Besuch unserer Website k\u00f6nnen Sie auf die Verwendung von Cookies aufmerksam gemacht werden. Cookies sind kleine, tempor\u00e4r abgelegte Textdateien, die von Websites an den Browser gesendet und gespeichert werden, wenn der Benutzer die Website besucht. Wenn der Benutzer dann die gleiche Website das n\u00e4chste Mal aufruft, werden diese Cookies zur\u00fcck an die Website gesendet.<br>Die Nutzer k\u00f6nnen auf den Einsatz der Cookies Einfluss nehmen. Die meisten Browser verf\u00fcgen eine Option mit der das Speichern von Cookies eingeschr\u00e4nkt oder komplett verhindert wird. Allerdings wird darauf hingewiesen, dass die Nutzung und insbesondere der Nutzungskomfort ohne Cookies eingeschr\u00e4nkt werden kann.<\/p>\n\n\n\n<h3 class=\"wp-block-heading\">Newsletter-Tracking<\/h3>\n\n\n\n<p>Unsere Newsletter enthalten sogenannte Z\u00e4hlpixel. Ein Z\u00e4hlpixel ist eine Miniaturgrafik, die in E-Mails eingebettet wird, welche im HTML-Format versendet werden, um eine Logdatei-Aufzeichnung und eine Logdatei-Analyse zu erm\u00f6glichen. Dadurch kann eine statistische Auswertung des Erfolges oder Misserfolges von Online-Marketing-Kampagnen durchgef\u00fchrt werden. Anhand des eingebetteten Z\u00e4hlpixels kann man erkennen, ob und wann eine E-Mail von einer betroffenen Person ge\u00f6ffnet wurde und welche in der E-Mail befindlichen Links von der betroffenen Person aufgerufen wurden.<\/p>\n\n\n\n<p>Solche \u00fcber die in den Newslettern enthaltenen Z\u00e4hlpixel erhobenen personenbezogenen Daten, werden von dem f\u00fcr die Verarbeitung Verantwortlichen gespeichert und ausgewertet, um den Newsletterversand zu optimieren und den Inhalt zuk\u00fcnftiger Newsletter noch besser den Interessen der betroffenen Person anzupassen. Diese personenbezogenen Daten werden nicht an Dritte weitergegeben. Betroffene Personen sind jederzeit berechtigt, die diesbez\u00fcglich abgegebene Einwilligungserkl\u00e4rung zu widerrufen. Nach einem Widerruf werden diese personenbezogenen Daten von dem f\u00fcr die Verarbeitung Verantwortlichen gel\u00f6scht. Eine Abmeldung vom Erhalt des Newsletters bedeutet automatisch einen Widerruf.<\/p>\n\n\n\n<h3 class=\"wp-block-heading\">Datensicherheitsma\u00dfnahmen<\/h3>\n\n\n\n<p>Die personenbezogenen Daten, die von der SP\u00d6 verarbeitet werden, werden mit besonderer Sorgfalt sowohl auf technischer als auch organisatorischer Ebene aufbewahrt und gesichert. Sie sind vor zuf\u00e4lliger oder unrechtm\u00e4\u00dfiger Zerst\u00f6rung und vor Verlust gesch\u00fctzt, und die SP\u00d6 stellt sicher, dass ihre Verwendung ordnungsgem\u00e4\u00df erfolgt und dass die Daten Unbefugten nicht zug\u00e4nglich sind.<br>Alle Auftragsverarbeiter der SP\u00d6 sind aufgrund einer vertraglichen Vereinbarung mit der SP\u00d6 dazu verpflichtet, ebenfalls alle technischen und organisatorischen Ma\u00dfnahmen f\u00fcr eine sichere Verarbeitung zu ergreifen. Dies wird regelm\u00e4\u00dfig von einem Verantwortlichen der SP\u00d6 \u00fcberpr\u00fcft.<\/p>\n\n\n\n<h3 class=\"wp-block-heading\">Datenschutzbeauftragter<\/h3>\n\n\n\n<p>Der Datenschutzbeauftragte arbeitet eng mit der obersten Organisationsebene zusammen und ist erster Ansprechpartner in Fragen des Datenschutzes und der Datensicherheit. Die SP\u00d6 und der Datenschutzbeauftragte finden sich in regelm\u00e4\u00dfigen Abst\u00e4nden zusammen, um Fragen der Datensicherheit und des Datenschutzes zu behandeln.<br>Dem Datenschutzbeauftragten obliegt die Unterrichtung und Beratung der Gesch\u00e4ftsf\u00fchrung und der Besch\u00e4ftigten, die personenbezogene Daten verarbeiten, hinsichtlich ihrer datenschutzrechtlichen Pflichten und Aufgaben sowie die \u00dcberwachung der Einhaltung dieser gesetzlichen Regelungen. Ihm obliegt die \u00dcberwachung der Strategien der SP\u00d6 f\u00fcr den Schutz personenbezogener Daten einschlie\u00dflich der Zuweisung von Zust\u00e4ndigkeiten, der Sensibilisierung und Schulung der an den Verarbeitungsvorg\u00e4ngen beteiligten Mitarbeiter und der diesbez\u00fcglichen \u00dcberpr\u00fcfungen.<br>Er arbeitet im Bedarfsfall mit der Aufsichtsbeh\u00f6rde zusammen und fungiert als Ansprechpartner f\u00fcr die Aufsichtsbeh\u00f6rde in, mit der Verarbeitung personenbezogener Daten zusammenh\u00e4ngenden Fragen, einschlie\u00dflich der vorherigen Konsultation. Betroffene Personen k\u00f6nnen den Datenschutzbeauftragten zu allen mit der Verarbeitung ihrer personenbezogenen Daten und mit der Wahrnehmung ihrer Rechte im Zusammenhang stehenden Fragen zu Rate ziehen. Die SP\u00d6 stellt sicher, dass der Datenschutzbeauftragte bei der Erf\u00fcllung seiner Aufgaben keine Anweisungen erh\u00e4lt. Die Kontaktm\u00f6glichkeiten zum Datenschutzbeauftragten der SP\u00d6 befinden sich in den Kontaktinformationen am Ende der Datenschutzerkl\u00e4rung.<\/p>\n\n\n\n<h3 class=\"wp-block-heading\">Meldungsverpflichtung<\/h3>\n\n\n\n<p>Im Fall einer Verletzung des Schutzes personenbezogener Daten ist die SP\u00d6 verpflichtet unverz\u00fcglich die Datenschutzbeh\u00f6rde von dieser Verletzung zu benachrichtigen. Ist anzunehmen, dass durch eine solche Verletzung Personen in ihrer Privatsph\u00e4re oder die personenbezogenen Daten selbst beeintr\u00e4chtigt werden, kann die Datenschutzbeh\u00f6rde \u2013 nach Ber\u00fccksichtigung der wahrscheinlichen nachteiligen Auswirkungen der Verletzung \u2013 die SP\u00d6 auffordern, eine Benachrichtigung der betroffenen Personen durchzuf\u00fchren.<\/p>\n\n\n\n<h3 class=\"wp-block-heading\">Information \u00fcber Betroffenenrechte<\/h3>\n\n\n\n<p>Als Betroffene\/r steht Ihnen ein Auskunftsrecht bez\u00fcglich der \u00fcber Sie gespeicherten personenbezogenen Daten, ein Recht auf Richtigstellung unrichtiger Daten, auf Einschr\u00e4nkung und Widerspruch der Verarbeitung und auf L\u00f6schung zu. Um diese Rechte aus\u00fcben zu k\u00f6nnen, m\u00fcssen Sie in geeigneter Form ihre Identit\u00e4t nachweisen. Unsere Auskunft wird die verarbeiteten Daten, die Informationen \u00fcber deren Herkunft, allf\u00e4llige Empf\u00e4nger oder Empf\u00e4ngerkreise von \u00dcbermittlungen, den Zweck der Datenverwendung sowie die Rechtsgrundlagen hierf\u00fcr in allgemein verst\u00e4ndlicher Form anf\u00fchren. Auf Ihr Verlangen sind auch Namen und Adressen von Auftragsverarbeitern bekannt zu geben.<br>Als Auskunftswerber haben Sie am Auskunftsverfahren in einem Ihnen zumutbaren Ausma\u00df mitzuwirken, um ungerechtfertigten und unverh\u00e4ltnism\u00e4\u00dfigen Aufwand beim Verantwortlichen der Datenverarbeitung zu vermeiden.<br>Innerhalb von einem Monat nach Einlangen Ihres Begehrens werden wir die Auskunft erteilen oder schriftlich begr\u00fcnden, warum sie nicht oder nicht vollst\u00e4ndig erteilt werden kann.<br>Zur Auskunft \u00fcber Ihre personenbezogenen Daten beziehungsweise deren Richtigstellung oder L\u00f6schung oder wenn Sie weitergehende Fragen \u00fcber die Verwendung Ihrer uns \u00fcberlassenen personenbezogenen Daten haben, kontaktieren Sie bitte unseren Datenschutzbeauftragten. Die Kontaktm\u00f6glichkeiten finden Sie am Ende dieser Datenschutzerkl\u00e4rung.<\/p>\n\n\n\n<h3 class=\"wp-block-heading\">Die Datenschutzbeh\u00f6rde (DSB)<\/h3>\n\n\n\n<p>Im Falle einer angenommenen Unstimmigkeit des Schutzes personenbezogener Daten besteht f\u00fcr Betroffene die M\u00f6glichkeit Beschwerde bei der \u00f6sterreichischen Datenschutzbeh\u00f6rde (http:\/\/www.dsb.gv.at) zu erheben.<\/p>\n\n\n\n<h3 class=\"wp-block-heading\">\u00c4nderung dieser Datenschutzerkl\u00e4rung<\/h3>\n\n\n\n<p>Da diese Hinweise der jeweils aktuellen Rechtslage unterliegen und die Leistungen der SP\u00d6 fortlaufend weiterentwickelt werden, behalten wir uns vor, diese Datenschutzerkl\u00e4rung k\u00fcnftig entsprechend zu \u00e4ndern. Wir empfehlen, diese Datenschutzerkl\u00e4rung regelm\u00e4\u00dfig zu lesen, um \u00fcber den Schutz von uns erfassten personenbezogenen Daten auf dem Laufenden zu bleiben.<\/p>\n\n\n\n<ul class=\"wp-block-list\"><li>Verantwortlicher: SP\u00d6 Steiermark, Metahofgasse 16, 8020 Graz, E-Mail: stmk-lps@spoe.at<\/li><li>Kontaktadresse des Datenschutzbeauftragten der SP\u00d6: L\u00f6welstra\u00dfe 18, 1010 Wien, E-Mail: datenschutzbeauftragter@spoe.at<\/li><\/ul>\n","protected":false},"excerpt":{"rendered":"<p>Die Sozialdemokratische Partei \u00d6sterreichs Landesgruppe Steiermark (im Folgenden kurz als \u201cSP\u00d6\u201d bezeichnet) ist sich ihrer gro\u00dfen Verantwortung bei der Verarbeitung personenbezogener Daten bewusst und verpflichtet sich daher im Rahmen ihrer gesellschaftlichen Verantwortung zur vollst\u00e4ndigen Einhaltung von Datenschutzrechten. Die Pers\u00f6nlichkeitsrechte und die Privatsph\u00e4re eines jeden Einzelnen zu wahren, ist f\u00fcr die SP\u00d6 oberste Priorit\u00e4t im Umgang [&hellip;]<\/p>\n","protected":false},"author":1,"featured_media":0,"parent":0,"menu_order":0,"comment_status":"closed","ping_status":"closed","template":"","meta":{"footnotes":""},"class_list":["post-3","page","type-page","status-publish","hentry"],"_links":{"self":[{"href":"https:\/\/www.spoe-gleisdorf.at\/index.php?rest_route=\/wp\/v2\/pages\/3","targetHints":{"allow":["GET"]}}],"collection":[{"href":"https:\/\/www.spoe-gleisdorf.at\/index.php?rest_route=\/wp\/v2\/pages"}],"about":[{"href":"https:\/\/www.spoe-gleisdorf.at\/index.php?rest_route=\/wp\/v2\/types\/page"}],"author":[{"embeddable":true,"href":"https:\/\/www.spoe-gleisdorf.at\/index.php?rest_route=\/wp\/v2\/users\/1"}],"replies":[{"embeddable":true,"href":"https:\/\/www.spoe-gleisdorf.at\/index.php?rest_route=%2Fwp%2Fv2%2Fcomments&post=3"}],"version-history":[{"count":1,"href":"https:\/\/www.spoe-gleisdorf.at\/index.php?rest_route=\/wp\/v2\/pages\/3\/revisions"}],"predecessor-version":[{"id":34,"href":"https:\/\/www.spoe-gleisdorf.at\/index.php?rest_route=\/wp\/v2\/pages\/3\/revisions\/34"}],"wp:attachment":[{"href":"https:\/\/www.spoe-gleisdorf.at\/index.php?rest_route=%2Fwp%2Fv2%2Fmedia&parent=3"}],"curies":[{"name":"wp","href":"https:\/\/api.w.org\/{rel}","templated":true}]}}