{"id":37,"date":"2021-12-10T11:02:22","date_gmt":"2021-12-10T10:02:22","guid":{"rendered":"http:\/\/www.spoe-gleisdorf.at\/?page_id=37"},"modified":"2025-05-29T22:08:09","modified_gmt":"2025-05-29T20:08:09","slug":"impressum","status":"publish","type":"page","link":"https:\/\/www.spoe-gleisdorf.at\/?page_id=37","title":{"rendered":"Impressum"},"content":{"rendered":"\n<pre class=\"wp-block-preformatted\">Offenlegung nach \u00a7 25 Mediengesetz:<br><strong>Medieninhaber, Herausgeber und Eigent\u00fcmer:<\/strong><br>SP\u00d6 Gleisdorf, Stadtparteivorsitzender: Manfred Prosser<br>Rathausplatz 1, 8200 Gleisdorf<br>E-Mail: wir@spoe-gleisdorf.at<br><br><strong>Zweck:<\/strong> Mit diesem WWW-Server bietet die SP\u00d6 Gleisdorf ihren Mitgliedern ein umfangreiches Service an. Informationen werden einfach und schnell zug\u00e4nglich angeboten. Der Kontakt mit den Mitgliedern wird auch in elektronischer Form erm\u00f6glicht.<br><br><strong>Haftung:<\/strong> S\u00e4mtliche Inhalte wurden sorgf\u00e4ltig gepr\u00fcft. Dessen ungeachtet kann keine Garantie f\u00fcr Richtigkeit, Vollst\u00e4ndigkeit und Aktualit\u00e4t der Angaben \u00fcbernommen werden.<br> <br><strong>Copyright:<\/strong> S\u00e4mtliche Texte, Grafiken und Bilder sind urheberrechtlich gesch\u00fctzt; eine Verwendung ist nur mit ausdr\u00fccklicher Genehmigung der SP\u00d6 Gleisdorf zul\u00e4ssig.<\/pre>\n\n\n\n<pre class=\"wp-block-preformatted\"><br><\/pre>\n","protected":false},"excerpt":{"rendered":"<p>Offenlegung nach \u00a7 25 Mediengesetz:Medieninhaber, Herausgeber und Eigent\u00fcmer:SP\u00d6 Gleisdorf, Stadtparteivorsitzender: Manfred ProsserRathausplatz 1, 8200 GleisdorfE-Mail: wir@spoe-gleisdorf.atZweck: Mit diesem WWW-Server bietet die SP\u00d6 Gleisdorf ihren Mitgliedern ein umfangreiches Service an. Informationen werden einfach und schnell zug\u00e4nglich angeboten. Der Kontakt mit den Mitgliedern wird auch in elektronischer Form erm\u00f6glicht.Haftung: S\u00e4mtliche Inhalte wurden sorgf\u00e4ltig gepr\u00fcft. Dessen ungeachtet kann [&hellip;]<\/p>\n","protected":false},"author":1,"featured_media":0,"parent":0,"menu_order":0,"comment_status":"closed","ping_status":"closed","template":"","meta":{"footnotes":""},"class_list":["post-37","page","type-page","status-publish","hentry"],"_links":{"self":[{"href":"https:\/\/www.spoe-gleisdorf.at\/index.php?rest_route=\/wp\/v2\/pages\/37","targetHints":{"allow":["GET"]}}],"collection":[{"href":"https:\/\/www.spoe-gleisdorf.at\/index.php?rest_route=\/wp\/v2\/pages"}],"about":[{"href":"https:\/\/www.spoe-gleisdorf.at\/index.php?rest_route=\/wp\/v2\/types\/page"}],"author":[{"embeddable":true,"href":"https:\/\/www.spoe-gleisdorf.at\/index.php?rest_route=\/wp\/v2\/users\/1"}],"replies":[{"embeddable":true,"href":"https:\/\/www.spoe-gleisdorf.at\/index.php?rest_route=%2Fwp%2Fv2%2Fcomments&post=37"}],"version-history":[{"count":6,"href":"https:\/\/www.spoe-gleisdorf.at\/index.php?rest_route=\/wp\/v2\/pages\/37\/revisions"}],"predecessor-version":[{"id":390,"href":"https:\/\/www.spoe-gleisdorf.at\/index.php?rest_route=\/wp\/v2\/pages\/37\/revisions\/390"}],"wp:attachment":[{"href":"https:\/\/www.spoe-gleisdorf.at\/index.php?rest_route=%2Fwp%2Fv2%2Fmedia&parent=37"}],"curies":[{"name":"wp","href":"https:\/\/api.w.org\/{rel}","templated":true}]}}